{"id":409,"date":"2026-02-05T11:15:49","date_gmt":"2026-02-05T10:15:49","guid":{"rendered":"https:\/\/afi62.com\/?page_id=409"},"modified":"2026-04-29T18:26:11","modified_gmt":"2026-04-29T16:26:11","slug":"desembouage","status":"publish","type":"page","link":"https:\/\/afi62.com\/index.php\/desembouage\/","title":{"rendered":"D\u00e9sembouage des radiateurs"},"content":{"rendered":"\n<h1 class=\"wp-block-heading\">La performance commence par un chauffage propre !<\/h1>\n\n\n\n<div class=\"wp-block-media-text has-media-on-the-right is-stacked-on-mobile has-background\" style=\"background-color:#cee4f9;grid-template-columns:auto 40%\"><div class=\"wp-block-media-text__content\">\n<h1 class=\"wp-block-heading\">D\u00e9sembouage de chauffage sur la C\u00f4te d\u2019Opale et le Pas-de-Calais<\/h1>\n\n\n\n<p class=\"has-medium-font-size\">AFI, expert RGE pr\u00e8s de chez vous<\/p>\n<\/div><figure class=\"wp-block-media-text__media\"><img data-opt-id=1081676017  fetchpriority=\"high\" decoding=\"async\" width=\"600\" height=\"400\" src=\"https:\/\/mlaizgpqgflt.i.optimole.com\/w:auto\/h:auto\/q:mauto\/ig:avif\/https:\/\/afi62.com\/wp-content\/uploads\/2026\/04\/desembouage-chauffage-afi-calais.png\" alt=\"\" class=\"wp-image-483 size-full\" srcset=\"https:\/\/mlaizgpqgflt.i.optimole.com\/w:600\/h:400\/q:mauto\/ig:avif\/https:\/\/afi62.com\/wp-content\/uploads\/2026\/04\/desembouage-chauffage-afi-calais.png 600w, https:\/\/mlaizgpqgflt.i.optimole.com\/w:300\/h:200\/q:mauto\/ig:avif\/https:\/\/afi62.com\/wp-content\/uploads\/2026\/04\/desembouage-chauffage-afi-calais.png 300w\" sizes=\"(max-width: 600px) 100vw, 600px\" \/><\/figure><\/div>\n\n\n\n<div class=\"wp-block-media-text is-stacked-on-mobile has-background\" style=\"background-color:#e4e9e0;grid-template-columns:40% auto\"><figure class=\"wp-block-media-text__media\"><img data-opt-id=1001330864  fetchpriority=\"high\" decoding=\"async\" width=\"600\" height=\"400\" src=\"https:\/\/mlaizgpqgflt.i.optimole.com\/w:600\/h:400\/q:mauto\/ig:avif\/https:\/\/afi62.com\/wp-content\/uploads\/2026\/04\/thermostat-radiateur-afi.jpg\" alt=\"\" class=\"wp-image-484 size-full\" srcset=\"https:\/\/mlaizgpqgflt.i.optimole.com\/w:600\/h:400\/q:mauto\/ig:avif\/https:\/\/afi62.com\/wp-content\/uploads\/2026\/04\/thermostat-radiateur-afi.jpg 600w, https:\/\/mlaizgpqgflt.i.optimole.com\/w:300\/h:200\/q:mauto\/ig:avif\/https:\/\/afi62.com\/wp-content\/uploads\/2026\/04\/thermostat-radiateur-afi.jpg 300w, https:\/\/mlaizgpqgflt.i.optimole.com\/w:768\/h:513\/q:mauto\/ig:avif\/https:\/\/afi62.com\/wp-content\/uploads\/2026\/04\/thermostat-radiateur-afi.jpg 768w, https:\/\/mlaizgpqgflt.i.optimole.com\/w:930\/h:620\/q:mauto\/ig:avif\/https:\/\/afi62.com\/wp-content\/uploads\/2026\/04\/thermostat-radiateur-afi.jpg 930w, https:\/\/mlaizgpqgflt.i.optimole.com\/w:1000\/h:668\/q:mauto\/ig:avif\/https:\/\/afi62.com\/wp-content\/uploads\/2026\/04\/thermostat-radiateur-afi.jpg 1000w\" sizes=\"(max-width: 600px) 100vw, 600px\" \/><\/figure><div class=\"wp-block-media-text__content\">\n<h2 class=\"wp-block-heading\"><br><strong>Pourquoi le d\u00e9sembouage de votre chauffage <\/strong><br><strong>est-il indispensable ?<\/strong><\/h2>\n\n\n\n<p>Avec le temps, votre installation de chauffage accumule des boues, d\u00e9p\u00f4ts et r\u00e9sidus (oxydation, calcaire, micro-particules). Ces impuret\u00e9s circulent dans le r\u00e9seau et r\u00e9duisent fortement les performances de votre syst\u00e8me, entra\u00eenant :<\/p>\n\n\n\n<ul class=\"wp-block-list\">\n<li><strong>Radiateurs qui chauffent mal<\/strong> ou de fa\u00e7on in\u00e9gale<\/li>\n\n\n\n<li><strong>Augmentation de la consommation d\u2019\u00e9nergie<\/strong> (jusqu\u2019\u00e0 +15 % selon les experts)<\/li>\n\n\n\n<li><strong>Pannes \u00e0 r\u00e9p\u00e9tition<\/strong> (circulateur, chaudi\u00e8re, pompe \u00e0 chaleur)<\/li>\n\n\n\n<li><strong>Usure pr\u00e9matur\u00e9e <\/strong>de l\u2019installation<\/li>\n<\/ul>\n\n\n\n<p>Le d\u00e9sembouage est la solution pour <strong>nettoyer en profondeur votre circuit<\/strong> et retrouver un chauffage plus efficace, plus fiable et plus \u00e9conomique.<\/p>\n<\/div><\/div>\n\n\n\n<div class=\"wp-block-columns has-background is-layout-flex wp-container-core-columns-is-layout-9d6595d7 wp-block-columns-is-layout-flex\" style=\"background-color:#cee4f9\">\n<div class=\"wp-block-column is-layout-flow wp-block-column-is-layout-flow\">\n<h2 class=\"wp-block-heading\">Comment se d\u00e9roule un d\u00e9sembouage professionnel ?<\/h2>\n\n\n\n<p>Chez AFI, nous intervenons avec une pompe de d\u00e9sembouage professionnelle pour un nettoyage complet et respectueux de votre installation :<\/p>\n\n\n\n<ul class=\"wp-block-list\">\n<li><strong>Mise en circulation<\/strong> contr\u00f4l\u00e9e du circuit<\/li>\n\n\n\n<li><strong>D\u00e9collage et \u00e9vacuation<\/strong> des boues et d\u00e9p\u00f4ts<\/li>\n\n\n\n<li><strong>Rin\u00e7age<\/strong> jusqu\u2019\u00e0 obtention d\u2019une eau claire<\/li>\n\n\n\n<li><strong>Traitement<\/strong> anti-corrosion (si n\u00e9cessaire)<\/li>\n<\/ul>\n<\/div>\n\n\n\n<div class=\"wp-block-column is-layout-flow wp-block-column-is-layout-flow\"><div class=\"wp-block-image is-style-default\">\n<figure class=\"aligncenter size-full is-resized\"><img data-opt-id=1323233032  data-opt-src=\"https:\/\/mlaizgpqgflt.i.optimole.com\/w:auto\/h:auto\/q:mauto\/ig:avif\/https:\/\/afi62.com\/wp-content\/uploads\/2026\/04\/unite-desembouage-afi.png\"  decoding=\"async\" width=\"600\" height=\"400\" src=\"data:image/svg+xml,%3Csvg%20viewBox%3D%220%200%20100%%20100%%22%20width%3D%22100%%22%20height%3D%22100%%22%20xmlns%3D%22http%3A%2F%2Fwww.w3.org%2F2000%2Fsvg%22%3E%3Crect%20width%3D%22100%%22%20height%3D%22100%%22%20fill%3D%22transparent%22%2F%3E%3C%2Fsvg%3E\" alt=\"\" class=\"wp-image-686\" style=\"width:397px;height:auto\" old-srcset=\"https:\/\/mlaizgpqgflt.i.optimole.com\/w:600\/h:400\/q:mauto\/ig:avif\/https:\/\/afi62.com\/wp-content\/uploads\/2026\/04\/unite-desembouage-afi.png 600w, https:\/\/mlaizgpqgflt.i.optimole.com\/w:300\/h:200\/q:mauto\/ig:avif\/https:\/\/afi62.com\/wp-content\/uploads\/2026\/04\/unite-desembouage-afi.png 300w\" \/><\/figure>\n<\/div><\/div>\n<\/div>\n\n\n\n<figure class=\"wp-block-video\"><video height=\"1080\" style=\"aspect-ratio: 1920 \/ 1080;\" width=\"1920\" controls preload=\"auto\" src=\"https:\/\/afi62.com\/wp-content\/uploads\/2026\/02\/desembouage_afi.mp4\"><\/video><\/figure>\n\n\n\n<p><\/p>\n\n\n\n<div class=\"wp-block-media-text is-stacked-on-mobile has-background\" style=\"background-color:#e4e9e0\"><figure class=\"wp-block-media-text__media\"><img data-opt-id=991115327  data-opt-src=\"https:\/\/mlaizgpqgflt.i.optimole.com\/w:auto\/h:auto\/q:mauto\/ig:avif\/https:\/\/afi62.com\/wp-content\/uploads\/2026\/02\/desembouage_afi.png\"  decoding=\"async\" width=\"500\" height=\"333\" src=\"data:image/svg+xml,%3Csvg%20viewBox%3D%220%200%20100%%20100%%22%20width%3D%22100%%22%20height%3D%22100%%22%20xmlns%3D%22http%3A%2F%2Fwww.w3.org%2F2000%2Fsvg%22%3E%3Crect%20width%3D%22100%%22%20height%3D%22100%%22%20fill%3D%22transparent%22%2F%3E%3C%2Fsvg%3E\" alt=\"\" class=\"wp-image-411 size-full\" old-srcset=\"https:\/\/mlaizgpqgflt.i.optimole.com\/w:500\/h:333\/q:mauto\/ig:avif\/https:\/\/afi62.com\/wp-content\/uploads\/2026\/02\/desembouage_afi.png 500w, https:\/\/mlaizgpqgflt.i.optimole.com\/w:300\/h:200\/q:mauto\/ig:avif\/https:\/\/afi62.com\/wp-content\/uploads\/2026\/02\/desembouage_afi.png 300w\" \/><\/figure><div class=\"wp-block-media-text__content\">\n<p style=\"font-size:22px\">Les avantages du d\u00e9sembouage par AFI<\/p>\n\n\n\n<p>\u2714\ufe0f Confort thermique retrouv\u00e9<\/p>\n\n\n\n<p>\u2714\ufe0f Chauffage plus homog\u00e8ne et performant<\/p>\n\n\n\n<p>\u2714\ufe0f R\u00e9duction de la consommation d\u2019\u00e9nergie<br>(\u00e9conomies sur votre facture)<\/p>\n\n\n\n<p>\u2714\ufe0f Moins de pannes et d\u2019interventions co\u00fbteuses<\/p>\n\n\n\n<p>\u2714\ufe0f Allongement de la dur\u00e9e de vie de votre installation<\/p>\n<\/div><\/div>\n\n\n\n<div class=\"wp-block-media-text has-media-on-the-right is-stacked-on-mobile has-background\" style=\"background-color:#cee4f9\"><div class=\"wp-block-media-text__content\">\n<p><\/p>\n\n\n\n<h2 class=\"wp-block-heading\">Pour quels syst\u00e8mes de chauffage ?<\/h2>\n\n\n\n<p><strong>Le d\u00e9sembouage est recommand\u00e9 pour :<\/strong><\/p>\n\n\n\n<p>\u2714\ufe0f Pompes \u00e0 chaleur<\/p>\n\n\n\n<p>\u2714\ufe0f Chauffage central (Tous les 5 \u00e0 7 ans)<\/p>\n\n\n\n<p>\u2714\ufe0f Plancher chauffant (tous les 3 \u00e0 5 ans)<\/p>\n\n\n\n<p>\u2714\ufe0f Chaudi\u00e8res (gaz, fioul, bois)<\/p>\n<\/div><figure class=\"wp-block-media-text__media\"><img data-opt-id=1475687951  data-opt-src=\"https:\/\/mlaizgpqgflt.i.optimole.com\/w:auto\/h:auto\/q:mauto\/ig:avif\/https:\/\/afi62.com\/wp-content\/uploads\/2026\/04\/desembouage-radiateurs-dunkerque-afi.png\"  decoding=\"async\" width=\"600\" height=\"400\" src=\"data:image/svg+xml,%3Csvg%20viewBox%3D%220%200%20100%%20100%%22%20width%3D%22100%%22%20height%3D%22100%%22%20xmlns%3D%22http%3A%2F%2Fwww.w3.org%2F2000%2Fsvg%22%3E%3Crect%20width%3D%22100%%22%20height%3D%22100%%22%20fill%3D%22transparent%22%2F%3E%3C%2Fsvg%3E\" alt=\"\" class=\"wp-image-485 size-full\" old-srcset=\"https:\/\/mlaizgpqgflt.i.optimole.com\/w:600\/h:400\/q:mauto\/ig:avif\/https:\/\/afi62.com\/wp-content\/uploads\/2026\/04\/desembouage-radiateurs-dunkerque-afi.png 600w, https:\/\/mlaizgpqgflt.i.optimole.com\/w:300\/h:200\/q:mauto\/ig:avif\/https:\/\/afi62.com\/wp-content\/uploads\/2026\/04\/desembouage-radiateurs-dunkerque-afi.png 300w\" \/><\/figure><\/div>\n\n\n\n<h1 class=\"wp-block-heading\">Pourquoi choisir AFI pour votre d\u00e9sembouage sur la C\u00f4te d\u2019Opale ?<\/h1>\n\n\n\n<div class=\"wp-block-columns has-background is-layout-flex wp-container-core-columns-is-layout-9d6595d7 wp-block-columns-is-layout-flex\" style=\"background-color:#f3f3f3\">\n<div class=\"wp-block-column is-layout-flow wp-block-column-is-layout-flow\" style=\"flex-basis:300px\"><div class=\"wp-block-image\">\n<figure class=\"aligncenter size-full is-resized\"><img data-opt-id=1964062887  data-opt-src=\"https:\/\/mlaizgpqgflt.i.optimole.com\/w:auto\/h:auto\/q:mauto\/ig:avif\/https:\/\/afi62.com\/wp-content\/uploads\/2026\/04\/icone-localisation-afi62.png\"  decoding=\"async\" width=\"120\" height=\"120\" src=\"data:image/svg+xml,%3Csvg%20viewBox%3D%220%200%20100%%20100%%22%20width%3D%22100%%22%20height%3D%22100%%22%20xmlns%3D%22http%3A%2F%2Fwww.w3.org%2F2000%2Fsvg%22%3E%3Crect%20width%3D%22100%%22%20height%3D%22100%%22%20fill%3D%22transparent%22%2F%3E%3C%2Fsvg%3E\" alt=\"\" class=\"wp-image-584\" style=\"width:136px;height:auto\"\/><\/figure>\n<\/div>\n\n\n<p><strong>Expertise locale : <\/strong>Bas\u00e9s dans le Pas-de-Calais, nous connaissons parfaitement les contraintes climatiques et r\u00e9glementaires de la r\u00e9gion.<\/p>\n\n\n\n<p>Nos techniciens interviennent rapidement sur Boulogne-sur-Mer, Calais, Dunkerque, Saint-Omer et leurs alentours.<\/p>\n<\/div>\n\n\n\n<div class=\"wp-block-column is-layout-flow wp-block-column-is-layout-flow\" style=\"flex-basis:300px\"><div class=\"wp-block-image is-style-default\">\n<figure class=\"aligncenter size-full is-resized\"><img data-opt-id=1119172422  data-opt-src=\"https:\/\/mlaizgpqgflt.i.optimole.com\/w:auto\/h:auto\/q:mauto\/ig:avif\/https:\/\/afi62.com\/wp-content\/uploads\/2026\/04\/icone-certification-afi62.png\"  decoding=\"async\" width=\"120\" height=\"120\" src=\"data:image/svg+xml,%3Csvg%20viewBox%3D%220%200%20100%%20100%%22%20width%3D%22100%%22%20height%3D%22100%%22%20xmlns%3D%22http%3A%2F%2Fwww.w3.org%2F2000%2Fsvg%22%3E%3Crect%20width%3D%22100%%22%20height%3D%22100%%22%20fill%3D%22transparent%22%2F%3E%3C%2Fsvg%3E\" alt=\"\" class=\"wp-image-574\" style=\"width:136px;height:auto\"\/><\/figure>\n<\/div>\n\n\n<p><strong>Conseil sur-mesure :<\/strong> Nous trouvons la solution adapt\u00e9e \u00e0 votre logement, votre budget et vos attentes.<\/p>\n\n\n\n<p>Nous vous proposons un devis clair et personnalis\u00e9.<\/p>\n<\/div>\n\n\n\n<div class=\"wp-block-column is-layout-flow wp-block-column-is-layout-flow\" style=\"flex-basis:300px\"><div class=\"wp-block-image\">\n<figure class=\"aligncenter size-full is-resized\"><img data-opt-id=139302008  data-opt-src=\"https:\/\/mlaizgpqgflt.i.optimole.com\/w:auto\/h:auto\/q:mauto\/ig:avif\/https:\/\/afi62.com\/wp-content\/uploads\/2026\/04\/icone-sav-afi62.png\"  decoding=\"async\" width=\"120\" height=\"120\" src=\"data:image/svg+xml,%3Csvg%20viewBox%3D%220%200%20100%%20100%%22%20width%3D%22100%%22%20height%3D%22100%%22%20xmlns%3D%22http%3A%2F%2Fwww.w3.org%2F2000%2Fsvg%22%3E%3Crect%20width%3D%22100%%22%20height%3D%22100%%22%20fill%3D%22transparent%22%2F%3E%3C%2Fsvg%3E\" alt=\"\" class=\"wp-image-588\" style=\"width:134px;height:auto\"\/><\/figure>\n<\/div>\n\n\n<p><strong>Service apr\u00e8s-vente r\u00e9actif : <\/strong>Besoin d\u2019un d\u00e9pannage ou d\u2019un entretien ? Avec AFI, vous b\u00e9n\u00e9ficiez d\u2019un suivi local et rapide, sans attente interminable.<\/p>\n<\/div>\n<\/div>\n\n\n\n<div class=\"wp-block-columns has-background is-layout-flex wp-container-core-columns-is-layout-9d6595d7 wp-block-columns-is-layout-flex\" style=\"background-color:#e4e9e0\">\n<div class=\"wp-block-column is-layout-flow wp-block-column-is-layout-flow\" style=\"flex-basis:66.66%\">\n<h2 class=\"wp-block-heading\">Pr\u00eat \u00e0 retrouver un chauffage performant ?<\/h2>\n\n\n\n<p>Contactez AFI d\u00e8s maintenant pour un diagnostic ou un devis gratuit sur la C\u00f4te d\u2019Opale !<br>Intervention rapide \u00e0 Boulogne-sur-Mer, Calais, Dunkerque, Saint-Omer et leurs alentours.<br><\/p>\n<\/div>\n\n\n\n<div class=\"wp-block-column is-layout-flow wp-block-column-is-layout-flow\" style=\"flex-basis:33.33%\">\n<figure class=\"wp-block-image size-full\"><img data-opt-id=769996347  data-opt-src=\"https:\/\/mlaizgpqgflt.i.optimole.com\/w:auto\/h:auto\/q:mauto\/ig:avif\/https:\/\/afi62.com\/wp-content\/uploads\/2026\/04\/sav_tel_afi-1.png\"  decoding=\"async\" width=\"507\" height=\"209\" src=\"data:image/svg+xml,%3Csvg%20viewBox%3D%220%200%20100%%20100%%22%20width%3D%22100%%22%20height%3D%22100%%22%20xmlns%3D%22http%3A%2F%2Fwww.w3.org%2F2000%2Fsvg%22%3E%3Crect%20width%3D%22100%%22%20height%3D%22100%%22%20fill%3D%22transparent%22%2F%3E%3C%2Fsvg%3E\" alt=\"\" class=\"wp-image-737\" style=\"aspect-ratio:2.4261685898689613\" old-srcset=\"https:\/\/mlaizgpqgflt.i.optimole.com\/w:507\/h:209\/q:mauto\/ig:avif\/https:\/\/afi62.com\/wp-content\/uploads\/2026\/04\/sav_tel_afi-1.png 507w, https:\/\/mlaizgpqgflt.i.optimole.com\/w:300\/h:124\/q:mauto\/ig:avif\/https:\/\/afi62.com\/wp-content\/uploads\/2026\/04\/sav_tel_afi-1.png 300w\" \/><\/figure>\n<\/div>\n<\/div>\n\n\n\n<p><\/p>\n","protected":false},"excerpt":{"rendered":"<p>La performance commence par un chauffage propre ! D\u00e9sembouage de chauffage sur la C\u00f4te d\u2019Opale et le Pas-de-Calais AFI, expert RGE pr\u00e8s de chez vous Comment se d\u00e9roule un d\u00e9sembouage professionnel ? Chez AFI, nous intervenons avec une pompe de d\u00e9sembouage professionnelle pour un nettoyage complet et respectueux de votre installation : Les avantages du&hellip;&nbsp;<a href=\"https:\/\/afi62.com\/index.php\/desembouage\/\" rel=\"bookmark\">Lire la suite &raquo;<span class=\"screen-reader-text\">D\u00e9sembouage des radiateurs<\/span><\/a><\/p>\n","protected":false},"author":1,"featured_media":0,"parent":0,"menu_order":0,"comment_status":"closed","ping_status":"closed","template":"","meta":{"neve_meta_sidebar":"","neve_meta_container":"contained","neve_meta_enable_content_width":"","neve_meta_content_width":0,"neve_meta_title_alignment":"","neve_meta_author_avatar":"","neve_post_elements_order":"","neve_meta_disable_header":"","neve_meta_disable_footer":"","neve_meta_disable_title":"","footnotes":""},"class_list":["post-409","page","type-page","status-publish","hentry"],"_links":{"self":[{"href":"https:\/\/afi62.com\/index.php\/wp-json\/wp\/v2\/pages\/409","targetHints":{"allow":["GET"]}}],"collection":[{"href":"https:\/\/afi62.com\/index.php\/wp-json\/wp\/v2\/pages"}],"about":[{"href":"https:\/\/afi62.com\/index.php\/wp-json\/wp\/v2\/types\/page"}],"author":[{"embeddable":true,"href":"https:\/\/afi62.com\/index.php\/wp-json\/wp\/v2\/users\/1"}],"replies":[{"embeddable":true,"href":"https:\/\/afi62.com\/index.php\/wp-json\/wp\/v2\/comments?post=409"}],"version-history":[{"count":17,"href":"https:\/\/afi62.com\/index.php\/wp-json\/wp\/v2\/pages\/409\/revisions"}],"predecessor-version":[{"id":740,"href":"https:\/\/afi62.com\/index.php\/wp-json\/wp\/v2\/pages\/409\/revisions\/740"}],"wp:attachment":[{"href":"https:\/\/afi62.com\/index.php\/wp-json\/wp\/v2\/media?parent=409"}],"curies":[{"name":"wp","href":"https:\/\/api.w.org\/{rel}","templated":true}]}}