{"id":532,"date":"2026-04-22T17:46:14","date_gmt":"2026-04-22T15:46:14","guid":{"rendered":"https:\/\/afi62.com\/?page_id=532"},"modified":"2026-04-22T18:11:16","modified_gmt":"2026-04-22T16:11:16","slug":"installateur-pompes-a-chaleur-a-berck","status":"publish","type":"page","link":"https:\/\/afi62.com\/index.php\/installateur-pompes-a-chaleur-a-berck\/","title":{"rendered":"Installateur Pompes \u00e0 Chaleur \u00e0 Berck"},"content":{"rendered":"\n<div class=\"wp-block-media-text is-stacked-on-mobile\"><figure class=\"wp-block-media-text__media\"><img data-opt-id=434596145  fetchpriority=\"high\" decoding=\"async\" width=\"500\" height=\"400\" src=\"https:\/\/mlaizgpqgflt.i.optimole.com\/w:500\/h:400\/q:mauto\/ig:avif\/https:\/\/afi62.com\/wp-content\/uploads\/2026\/04\/economies-chauffage-afi.png\" alt=\"\" class=\"wp-image-499 size-full\" srcset=\"https:\/\/mlaizgpqgflt.i.optimole.com\/w:500\/h:400\/q:mauto\/ig:avif\/https:\/\/afi62.com\/wp-content\/uploads\/2026\/04\/economies-chauffage-afi.png 500w, https:\/\/mlaizgpqgflt.i.optimole.com\/w:300\/h:240\/q:mauto\/ig:avif\/https:\/\/afi62.com\/wp-content\/uploads\/2026\/04\/economies-chauffage-afi.png 300w, https:\/\/mlaizgpqgflt.i.optimole.com\/w:600\/h:480\/q:mauto\/ig:avif\/https:\/\/afi62.com\/wp-content\/uploads\/2026\/04\/economies-chauffage-afi.png 600w\" sizes=\"(max-width: 500px) 100vw, 500px\" \/><\/figure><div class=\"wp-block-media-text__content\">\n<h1 class=\"wp-block-heading\">Chauffez votre maison en consommant jusqu\u2019\u00e0 3x moins d\u2019\u00e9nergie<\/h1>\n\n\n\n<p>Installation de pompe \u00e0 chaleur dans dans sur le Montreuillois et Berck \u2013 \u00c9tude gratuite et accompagnement aux aides<\/p>\n\n\n\n<ul class=\"wp-block-list\">\n<li>Installateur certifi\u00e9 (QualiPAC)<\/li>\n\n\n\n<li>Aides financi\u00e8res disponibles<\/li>\n\n\n\n<li>Intervention locale rapide \u00e0 :&nbsp;<\/li>\n<\/ul>\n\n\n\n<p>Berck, Rang-du-Fliers, Groffliers, Verton, Merlimont, Stella-Plage, Montreuil-sur-Mer, Attin, Cucq \u2026<\/p>\n<\/div><\/div>\n\n\n\n<h1 class=\"wp-block-heading has-neve-link-hover-color-color has-text-color has-link-color wp-elements-a12a115c7d85e7cfdf1f241f5dbf4603\">Votre chauffage vous co\u00fbte trop cher ?<\/h1>\n\n\n\n<ul class=\"wp-block-list\">\n<li>Factures en hausse<\/li>\n\n\n\n<li>\u00c9quipements vieillissants<\/li>\n\n\n\n<li>D\u00e9pendance aux \u00e9nergies fossiles<\/li>\n<\/ul>\n\n\n\n<p><\/p>\n\n\n\n<p class=\"has-neve-link-hover-color-color has-text-color has-link-color wp-elements-809cbe86c5d378a7f633717784bd0a20\" style=\"font-size:22px\">La pompe \u00e0 chaleur : une solution simple et efficace !<\/p>\n\n\n\n<div class=\"wp-block-columns is-layout-flex wp-container-core-columns-is-layout-9d6595d7 wp-block-columns-is-layout-flex\">\n<div class=\"wp-block-column is-layout-flow wp-block-column-is-layout-flow\"><div class=\"wp-block-image is-style-rounded\">\n<figure class=\"aligncenter size-thumbnail is-resized\"><img data-opt-id=858979527  fetchpriority=\"high\" decoding=\"async\" width=\"150\" height=\"150\" src=\"https:\/\/mlaizgpqgflt.i.optimole.com\/w:150\/h:150\/q:mauto\/rt:fill\/g:ce\/ig:avif\/https:\/\/afi62.com\/wp-content\/uploads\/2026\/04\/pompe-chaleur-air-eau.jpg\" alt=\"\" class=\"wp-image-512\" style=\"width:142px;height:auto\" srcset=\"https:\/\/mlaizgpqgflt.i.optimole.com\/w:150\/h:150\/q:mauto\/rt:fill\/g:ce\/ig:avif\/https:\/\/afi62.com\/wp-content\/uploads\/2026\/04\/pompe-chaleur-air-eau.jpg 150w, https:\/\/mlaizgpqgflt.i.optimole.com\/w:300\/h:300\/q:mauto\/rt:fill\/g:ce\/ig:avif\/https:\/\/afi62.com\/wp-content\/uploads\/2026\/04\/pompe-chaleur-air-eau.jpg 300w, https:\/\/mlaizgpqgflt.i.optimole.com\/w:400\/h:400\/q:mauto\/rt:fill\/g:ce\/ig:avif\/https:\/\/afi62.com\/wp-content\/uploads\/2026\/04\/pompe-chaleur-air-eau.jpg 400w, https:\/\/mlaizgpqgflt.i.optimole.com\/w:500\/h:500\/q:mauto\/rt:fill\/g:ce\/ig:avif\/https:\/\/afi62.com\/wp-content\/uploads\/2026\/04\/pompe-chaleur-air-eau.jpg 500w\" sizes=\"(max-width: 150px) 100vw, 150px\" \/><\/figure>\n<\/div>\n\n\n<p><strong>Capte les calories de l&rsquo;air, eau ou sol<\/strong><\/p>\n\n\n\n<p>Elle r\u00e9cup\u00e8re les calories pr\u00e9sentes dans l&rsquo;air pour les transformer en chaleur et alimenter votre syst\u00e8me de chauffage<\/p>\n<\/div>\n\n\n\n<div class=\"wp-block-column is-layout-flow wp-block-column-is-layout-flow\"><div class=\"wp-block-image\">\n<figure class=\"aligncenter size-full\"><img data-opt-id=2072040277  data-opt-src=\"https:\/\/mlaizgpqgflt.i.optimole.com\/w:auto\/h:auto\/q:mauto\/ig:avif\/https:\/\/afi62.com\/wp-content\/uploads\/2026\/04\/icone-economie.png\"  decoding=\"async\" width=\"140\" height=\"140\" src=\"data:image/svg+xml,%3Csvg%20viewBox%3D%220%200%20100%%20100%%22%20width%3D%22100%%22%20height%3D%22100%%22%20xmlns%3D%22http%3A%2F%2Fwww.w3.org%2F2000%2Fsvg%22%3E%3Crect%20width%3D%22100%%22%20height%3D%22100%%22%20fill%3D%22transparent%22%2F%3E%3C%2Fsvg%3E\" alt=\"\" class=\"wp-image-505\"\/><\/figure>\n<\/div>\n\n\n<p><strong>Une \u00e9conomie directe<\/strong><\/p>\n\n\n\n<p>Ce syst\u00e8me performant permet de chauffer efficacement votre maison tout en r\u00e9duisant votre cinsommation \u00e9nerg\u00e9tique.<\/p>\n<\/div>\n\n\n\n<div class=\"wp-block-column is-layout-flow wp-block-column-is-layout-flow\"><div class=\"wp-block-image\">\n<figure class=\"aligncenter size-full\"><img data-opt-id=1858115849  data-opt-src=\"https:\/\/mlaizgpqgflt.i.optimole.com\/w:auto\/h:auto\/q:mauto\/ig:avif\/https:\/\/afi62.com\/wp-content\/uploads\/2026\/04\/icone-confort-afi62.png\"  decoding=\"async\" width=\"120\" height=\"120\" src=\"data:image/svg+xml,%3Csvg%20viewBox%3D%220%200%20100%%20100%%22%20width%3D%22100%%22%20height%3D%22100%%22%20xmlns%3D%22http%3A%2F%2Fwww.w3.org%2F2000%2Fsvg%22%3E%3Crect%20width%3D%22100%%22%20height%3D%22100%%22%20fill%3D%22transparent%22%2F%3E%3C%2Fsvg%3E\" alt=\"\" class=\"wp-image-470\"\/><\/figure>\n<\/div>\n\n\n<p><strong>Chauffage et production d&rsquo;eau chaude<\/strong><\/p>\n\n\n\n<p>Selon le mod\u00e8le choisi, une pompe \u00e0 chaleur peut \u00e9galemenbt assurer la production d&rsquo;eau chaude sanitaire et, dans certains cas, rafra\u00eechir votre logment en \u00e9t\u00e9.<\/p>\n<\/div>\n<\/div>\n\n\n\n<h3 class=\"wp-block-heading\">Pourquoi choisir une pompe \u00e0 chaleur ?<\/h3>\n\n\n\n<ul class=\"wp-block-list\">\n<li>Jusqu\u2019\u00e0 70% d\u2019\u00e9conomies d\u2019\u00e9nergie <\/li>\n\n\n\n<li>Solution \u00e9cologique (r\u00e9duction CO\u2082)&nbsp; <\/li>\n\n\n\n<li>Confort toute l\u2019ann\u00e9e (chauffage + clim) <\/li>\n\n\n\n<li>Installation adaptable \u00e0 votre logement <\/li>\n\n\n\n<li>Aides financi\u00e8res disponibles<\/li>\n<\/ul>\n\n\n\n<h2 class=\"wp-block-heading\">Quel solution est faites pour vous ?&nbsp;<\/h2>\n\n\n\n<ul class=\"wp-block-list\">\n<li><strong>PAC air \/ eau<\/strong>&nbsp;\u2192 chauffage + eau chaude <\/li>\n\n\n\n<li><strong>PAC air \/ air<\/strong>&nbsp;\u2192 chauffage + climatisation <\/li>\n\n\n\n<li><strong>PAC hybride \/ g\u00e9othermie<\/strong>&nbsp;\u2192 besoins sp\u00e9cifiques<\/li>\n<\/ul>\n\n\n\n<h1 class=\"wp-block-heading alignwide has-text-align-center has-neve-link-hover-color-color has-text-color has-link-color wp-elements-a42f83432230ba94a782c4c9d6c0a8f5\">Pr\u00eat \u00e0 installer votre pompe \u00e0 chaleur \u00e0 Berck et dans tout le Montreuillois ?<\/h1>\n\n\n\n<h6 class=\"wp-block-heading\" style=\"font-size:23px\">Faites confiance \u00e0 AFI, votre expert certifi\u00e9 RGE QualiPAC, pour une installation conforme, performante et \u00e9ligible aux aides de l&rsquo;\u00c9tat.<\/h6>\n\n\n\n<p class=\"has-text-align-center\">Appelez-nous pour un devis gratuit <\/p>\n\n\n\n<div class=\"wp-block-buttons alignwide is-content-justification-center is-layout-flex wp-container-core-buttons-is-layout-16018d1d wp-block-buttons-is-layout-flex\">\n<div class=\"wp-block-button is-style-primary\"><a class=\"wp-block-button__link has-text-align-center has-custom-font-size wp-element-button\" style=\"border-top-left-radius:78px;border-top-right-radius:78px;border-bottom-left-radius:78px;border-bottom-right-radius:78px;font-size:22px\">03 21 85 72 72<\/a><\/div>\n<\/div>\n\n\n\n<p><\/p>\n","protected":false},"excerpt":{"rendered":"<p>Votre chauffage vous co\u00fbte trop cher ? La pompe \u00e0 chaleur : une solution simple et efficace ! Capte les calories de l&rsquo;air, eau ou sol Elle r\u00e9cup\u00e8re les calories pr\u00e9sentes dans l&rsquo;air pour les transformer en chaleur et alimenter votre syst\u00e8me de chauffage Une \u00e9conomie directe Ce syst\u00e8me performant permet de chauffer efficacement votre&hellip;&nbsp;<a href=\"https:\/\/afi62.com\/index.php\/installateur-pompes-a-chaleur-a-berck\/\" rel=\"bookmark\">Lire la suite &raquo;<span class=\"screen-reader-text\">Installateur Pompes \u00e0 Chaleur \u00e0 Berck<\/span><\/a><\/p>\n","protected":false},"author":1,"featured_media":0,"parent":0,"menu_order":0,"comment_status":"closed","ping_status":"closed","template":"","meta":{"neve_meta_sidebar":"","neve_meta_container":"","neve_meta_enable_content_width":"","neve_meta_content_width":0,"neve_meta_title_alignment":"","neve_meta_author_avatar":"","neve_post_elements_order":"","neve_meta_disable_header":"","neve_meta_disable_footer":"","neve_meta_disable_title":"","footnotes":""},"class_list":["post-532","page","type-page","status-publish","hentry"],"_links":{"self":[{"href":"https:\/\/afi62.com\/index.php\/wp-json\/wp\/v2\/pages\/532","targetHints":{"allow":["GET"]}}],"collection":[{"href":"https:\/\/afi62.com\/index.php\/wp-json\/wp\/v2\/pages"}],"about":[{"href":"https:\/\/afi62.com\/index.php\/wp-json\/wp\/v2\/types\/page"}],"author":[{"embeddable":true,"href":"https:\/\/afi62.com\/index.php\/wp-json\/wp\/v2\/users\/1"}],"replies":[{"embeddable":true,"href":"https:\/\/afi62.com\/index.php\/wp-json\/wp\/v2\/comments?post=532"}],"version-history":[{"count":3,"href":"https:\/\/afi62.com\/index.php\/wp-json\/wp\/v2\/pages\/532\/revisions"}],"predecessor-version":[{"id":549,"href":"https:\/\/afi62.com\/index.php\/wp-json\/wp\/v2\/pages\/532\/revisions\/549"}],"wp:attachment":[{"href":"https:\/\/afi62.com\/index.php\/wp-json\/wp\/v2\/media?parent=532"}],"curies":[{"name":"wp","href":"https:\/\/api.w.org\/{rel}","templated":true}]}}